{"id":463,"date":"2016-09-08T21:54:06","date_gmt":"2016-09-08T19:54:06","guid":{"rendered":"https:\/\/www.csmbb.fr\/?page_id=463"},"modified":"2025-08-28T10:30:57","modified_gmt":"2025-08-28T08:30:57","slug":"horaires","status":"publish","type":"page","link":"https:\/\/www.csmbb.fr\/index.php\/horaires\/","title":{"rendered":"Horaires des entra\u00eenements"},"content":{"rendered":"\n<h2 class=\"wp-block-heading\">Saison 2025-26<\/h2>\n\n\n\n<p>Planning provisoire, les horaires et les lieux d&rsquo;entra\u00eenement sont susceptibles de changer en d\u00e9but de saison, merci de consulter r\u00e9guli\u00e8rement cette page.<\/p>\n\n\n\n<iframe loading=\"lazy\" overflow=\"hidden\" scrolling=\"no\" frameborder=\"0\" width=\"100%\" style=\"overflow:hidden;border:0;\" border=\"0\" height=\"560px\" src=\"https:\/\/docs.google.com\/spreadsheets\/d\/e\/2PACX-1vTf0nc695q0au0sFhrJhi_IbNN93wt8IER1LuuEDXHxsaW2WEIDGTEk8IndjB5q6yZS-6G37gISwKxS\/pubhtml?gid=256486373&amp;single=true&amp;widget=false&amp;headers=false&amp;chrome=false&amp;rm=minimal;frameborder=0\"><\/iframe>\n\n\n\n<p><a href=\"https:\/\/www.csmbb.fr\/index.php\/les-gymnases\/\" data-type=\"page\" data-id=\"113\">Localiser les gymnases<\/a><\/p>\n\n\n\n<p><\/p>\n","protected":false},"excerpt":{"rendered":"<p>Saison 2025-26 Planning provisoire, les horaires et les lieux d&rsquo;entra\u00eenement sont susceptibles de changer en d\u00e9but de saison, merci de consulter r\u00e9guli\u00e8rement cette page. Localiser les gymnases<\/p>\n","protected":false},"author":1,"featured_media":1250,"parent":0,"menu_order":0,"comment_status":"closed","ping_status":"closed","template":"","meta":{"footnotes":""},"class_list":["post-463","page","type-page","status-publish","has-post-thumbnail","czr-hentry"],"_links":{"self":[{"href":"https:\/\/www.csmbb.fr\/index.php\/wp-json\/wp\/v2\/pages\/463","targetHints":{"allow":["GET"]}}],"collection":[{"href":"https:\/\/www.csmbb.fr\/index.php\/wp-json\/wp\/v2\/pages"}],"about":[{"href":"https:\/\/www.csmbb.fr\/index.php\/wp-json\/wp\/v2\/types\/page"}],"author":[{"embeddable":true,"href":"https:\/\/www.csmbb.fr\/index.php\/wp-json\/wp\/v2\/users\/1"}],"replies":[{"embeddable":true,"href":"https:\/\/www.csmbb.fr\/index.php\/wp-json\/wp\/v2\/comments?post=463"}],"version-history":[{"count":230,"href":"https:\/\/www.csmbb.fr\/index.php\/wp-json\/wp\/v2\/pages\/463\/revisions"}],"predecessor-version":[{"id":14840,"href":"https:\/\/www.csmbb.fr\/index.php\/wp-json\/wp\/v2\/pages\/463\/revisions\/14840"}],"wp:featuredmedia":[{"embeddable":true,"href":"https:\/\/www.csmbb.fr\/index.php\/wp-json\/wp\/v2\/media\/1250"}],"wp:attachment":[{"href":"https:\/\/www.csmbb.fr\/index.php\/wp-json\/wp\/v2\/media?parent=463"}],"curies":[{"name":"wp","href":"https:\/\/api.w.org\/{rel}","templated":true}]}}