{"id":18,"date":"2016-07-01T20:02:33","date_gmt":"2016-07-01T18:02:33","guid":{"rendered":"http:\/\/localhost\/?page_id=18"},"modified":"2024-06-13T08:56:46","modified_gmt":"2024-06-13T06:56:46","slug":"qui-sommes-nous","status":"publish","type":"page","link":"https:\/\/www.csmbb.fr\/index.php\/qui-sommes-nous\/","title":{"rendered":"Qui sommes-nous"},"content":{"rendered":"<p><a href=\"https:\/\/www.csmbb.fr\/wp-content\/uploads\/2020\/03\/44811582720064814.png\"><img loading=\"lazy\" decoding=\"async\" class=\"size-thumbnail wp-image-13841 alignleft\" src=\"https:\/\/www.csmbb.fr\/wp-content\/uploads\/2020\/03\/44811582720064814-138x150.png\" alt=\"\" width=\"138\" height=\"150\" srcset=\"https:\/\/www.csmbb.fr\/wp-content\/uploads\/2020\/03\/44811582720064814-138x150.png 138w, https:\/\/www.csmbb.fr\/wp-content\/uploads\/2020\/03\/44811582720064814-277x300.png 277w, https:\/\/www.csmbb.fr\/wp-content\/uploads\/2020\/03\/44811582720064814-150x163.png 150w, https:\/\/www.csmbb.fr\/wp-content\/uploads\/2020\/03\/44811582720064814.png 300w\" sizes=\"auto, (max-width: 138px) 100vw, 138px\" \/><\/a><\/p>\n<p>Fond\u00e9 en 1977, le club de Mennecy est une association \u00ab Loi 1901 \u00bb.<\/p>\n<p>Il est affili\u00e9 \u00e0 la <a href=\"http:\/\/www.ffbb.com\/\">F\u00e9d\u00e9ration Fran\u00e7aise de Basketball<\/a>. Ce club est principalement compos\u00e9 de parent passionn\u00e9, qui souhaite tout mettre en \u0153uvre pour\u00a0que nos jeunes puissent pratiquer ce sport dans les meilleures conditions, toutes les bonnes volont\u00e9s sont les bienvenues, n\u2019h\u00e9sitez pas \u00e0 <a href=\"https:\/\/www.csmbb.fr\/index.php\/nous-contacter\/\">nous contacter<\/a>.<\/p>\n<p>Ce site est le v\u00f4tre, n\u2019h\u00e9sitez pas \u00e0 nous faire part de vos attentes et des am\u00e9liorations que nous pourrions apporter.<\/p>\n<p>Nous esp\u00e9rons que les diff\u00e9rentes r\u00e9unions du club nous permettrons de mieux vous connaitre. Votre pr\u00e9sence est n\u00e9cessaire et indispensable au bon fonctionnement de l&rsquo;association.<\/p>\n<p>A ce titre, les licenci\u00e9s participent \u00e0 diff\u00e9rents championnats et coupes. L\u2019autonomie financi\u00e8re du club est assur\u00e9e par les cotisations annuelles et les subventions municipales et f\u00e9d\u00e9rales.<\/p>\n\n\n<p>Le bureau est compos\u00e9 de personnes b\u00e9n\u00e9voles : <\/p>\n\n\n\n<ul class=\"wp-block-list\">\n<li><strong>Pr\u00e9sident <\/strong>: C\u00e9drick Chapelet<\/li>\n\n\n\n<li><strong>Secr\u00e9taire <\/strong>: Marie-Line Martinez<\/li>\n\n\n\n<li><strong>Tr\u00e9sorier <\/strong>: Arnaud Pochon<\/li>\n\n\n\n<li><strong>Membre <\/strong>: Ronan Le Guen<\/li>\n<\/ul>\n","protected":false},"excerpt":{"rendered":"<p>Fond\u00e9 en 1977, le club de Mennecy est une association \u00ab Loi 1901 \u00bb. Il est affili\u00e9 \u00e0 la F\u00e9d\u00e9ration Fran\u00e7aise de Basketball. Ce club est principalement compos\u00e9 de parent passionn\u00e9, qui souhaite tout mettre en \u0153uvre pour\u00a0que nos jeunes puissent pratiquer ce sport dans les meilleures conditions, toutes les bonnes volont\u00e9s sont les bienvenues, [&hellip;]<\/p>\n","protected":false},"author":1,"featured_media":0,"parent":0,"menu_order":0,"comment_status":"closed","ping_status":"closed","template":"","meta":{"footnotes":""},"class_list":["post-18","page","type-page","status-publish","czr-hentry"],"_links":{"self":[{"href":"https:\/\/www.csmbb.fr\/index.php\/wp-json\/wp\/v2\/pages\/18","targetHints":{"allow":["GET"]}}],"collection":[{"href":"https:\/\/www.csmbb.fr\/index.php\/wp-json\/wp\/v2\/pages"}],"about":[{"href":"https:\/\/www.csmbb.fr\/index.php\/wp-json\/wp\/v2\/types\/page"}],"author":[{"embeddable":true,"href":"https:\/\/www.csmbb.fr\/index.php\/wp-json\/wp\/v2\/users\/1"}],"replies":[{"embeddable":true,"href":"https:\/\/www.csmbb.fr\/index.php\/wp-json\/wp\/v2\/comments?post=18"}],"version-history":[{"count":29,"href":"https:\/\/www.csmbb.fr\/index.php\/wp-json\/wp\/v2\/pages\/18\/revisions"}],"predecessor-version":[{"id":14753,"href":"https:\/\/www.csmbb.fr\/index.php\/wp-json\/wp\/v2\/pages\/18\/revisions\/14753"}],"wp:attachment":[{"href":"https:\/\/www.csmbb.fr\/index.php\/wp-json\/wp\/v2\/media?parent=18"}],"curies":[{"name":"wp","href":"https:\/\/api.w.org\/{rel}","templated":true}]}}